{"id":9,"date":"2023-11-14T11:44:57","date_gmt":"2023-11-14T11:44:57","guid":{"rendered":"https:\/\/www.reef-you.pl\/?page_id=9"},"modified":"2024-06-20T20:18:48","modified_gmt":"2024-06-20T20:18:48","slug":"strona-glowna","status":"publish","type":"page","link":"https:\/\/www.reef-you.pl\/","title":{"rendered":"Strona G\u0142\u00f3wna"},"content":{"rendered":"<style>\/*! elementor - v3.20.0 - 10-04-2024 *\/\n.elementor-heading-title{padding:0;margin:0;line-height:1}.elementor-widget-heading .elementor-heading-title[class*=elementor-size-]>a{color:inherit;font-size:inherit;line-height:inherit}.elementor-widget-heading .elementor-heading-title.elementor-size-small{font-size:15px}.elementor-widget-heading .elementor-heading-title.elementor-size-medium{font-size:19px}.elementor-widget-heading .elementor-heading-title.elementor-size-large{font-size:29px}.elementor-widget-heading .elementor-heading-title.elementor-size-xl{font-size:39px}.elementor-widget-heading .elementor-heading-title.elementor-size-xxl{font-size:59px}<\/style>\n<h2>Bezpieczne  zakupy<\/h2>\n<p>\t\t\t<svg aria-hidden=\"true\" viewBox=\"0 0 640 512\" xmlns=\"http:\/\/www.w3.org\/2000\/svg\"><path d=\"M621.3 237.3l-58.5-58.5c-12-12-28.3-18.7-45.3-18.7H480V64c0-17.7-14.3-32-32-32H32C14.3 32 0 46.3 0 64v336c0 44.2 35.8 80 80 80 26.3 0 49.4-12.9 64-32.4 14.6 19.6 37.7 32.4 64 32.4 44.2 0 80-35.8 80-80 0-5.5-.6-10.8-1.6-16h163.2c-1.1 5.2-1.6 10.5-1.6 16 0 44.2 35.8 80 80 80s80-35.8 80-80c0-5.5-.6-10.8-1.6-16H624c8.8 0 16-7.2 16-16v-85.5c0-17-6.7-33.2-18.7-45.2zM80 432c-17.6 0-32-14.4-32-32s14.4-32 32-32 32 14.4 32 32-14.4 32-32 32zm128 0c-17.6 0-32-14.4-32-32s14.4-32 32-32 32 14.4 32 32-14.4 32-32 32zm272-224h37.5c4.3 0 8.3 1.7 11.3 4.7l43.3 43.3H480v-48zm48 224c-17.6 0-32-14.4-32-32s14.4-32 32-32 32 14.4 32 32-14.4 32-32 32z\"><\/path><\/svg>\t\t\t<\/p>\n<h2>Darmowa dostawa<\/h2>\n<h2>Szeroki wyb\u00f3r<\/h2>\n<h2>Zwrot do 14 dni<\/h2>\n<style>\/*! elementor - v3.20.0 - 10-04-2024 *\/\n.elementor-widget-image{text-align:center}.elementor-widget-image a{display:inline-block}.elementor-widget-image a img[src$=\".svg\"]{width:48px}.elementor-widget-image img{vertical-align:middle;display:inline-block}<\/style>\n<p>\t\t\t\t\t\t\t\t\t\t\t<a href=\"https:\/\/www.reef-you.pl\/wp-content\/uploads\/2023\/11\/animation_sync_Contrast_sbfum0ei4.gif\" data-elementor-open-lightbox=\"yes\" data-elementor-lightbox-title=\"animation_sync_Contrast_sbfum0ei4\" data-e-action-hash=\"#elementor-action%3Aaction%3Dlightbox%26settings%3DeyJpZCI6OTAsInVybCI6Imh0dHBzOlwvXC93d3cucmVlZi15b3UucGxcL3dwLWNvbnRlbnRcL3VwbG9hZHNcLzIwMjNcLzExXC9hbmltYXRpb25fc3luY19Db250cmFzdF9zYmZ1bTBlaTQuZ2lmIn0%3D\"><br \/>\n\t\t\t\t\t\t\t<img fetchpriority=\"high\" decoding=\"async\" width=\"447\" height=\"367\" src=\"https:\/\/www.reef-you.pl\/wp-content\/uploads\/2023\/11\/animation_sync_Contrast_sbfum0ei4-447x367.gif\" alt=\"\" srcset=\"https:\/\/www.reef-you.pl\/wp-content\/uploads\/2023\/11\/animation_sync_Contrast_sbfum0ei4-447x367.gif 447w, https:\/\/www.reef-you.pl\/wp-content\/uploads\/2023\/11\/animation_sync_Contrast_sbfum0ei4-420x345.gif 420w\" sizes=\"(max-width: 447px) 100vw, 447px\" \/>\t\t\t\t\t\t\t\t<\/a><br \/>\n\t\t\t                <input type=\"radio\" name=\"ekit_ia_d4b43e5\" id=\"ekit_ia_d4b43e5_0\" checked=\"checked\" hidden><br \/>\n                <label for=\"ekit_ia_d4b43e5_0\" style=\"background-image: url(https:\/\/www.reef-you.pl\/wp-content\/uploads\/2023\/11\/Dekoracje-balonowe-na-Twoja-impreze.-2.png)\"><br \/>\n\t\t\t\t\t\t\t\tPROMOCJA<br \/>\n\t\t\t\t\t\t\t\t<a ><br \/>\n\t\t\t\t\t\t\t\t\tSPRAWD\u0179 OFERT\u0118\t\t\t\t\t\t\t\t<\/a><br \/>\n                <\/label><\/p>\n<h2>KORALOWCE SPS<\/h2>\n<p>\t\t\t<a href=\"#\"><br \/>\n\t\t\t\t\t\tZOBACZ OFERT\u0118<br \/>\n\t\t\t\t\t<\/a><\/p>\n<h2>KORALOWCE LPS<\/h2>\n<p>\t\t\t<a href=\"#\"><br \/>\n\t\t\t\t\t\tZOBACZ OFERT\u0118<br \/>\n\t\t\t\t\t<\/a><\/p>\n<h2>NOWO\u015aCI<\/h2>\n<p>\t\t\t\t\t\t\t\t\t\t\t\t\t<img decoding=\"async\" src=\"https:\/\/www.reef-you.pl\/wp-content\/plugins\/elementor\/assets\/images\/placeholder.png\" title=\"\" alt=\"\" loading=\"lazy\" \/><br \/>\n\t\t\t\t\t\t\t\t\t\t\t\t\t<img decoding=\"async\" src=\"https:\/\/www.reef-you.pl\/wp-content\/plugins\/elementor\/assets\/images\/placeholder.png\" title=\"\" alt=\"\" loading=\"lazy\" \/><br \/>\n\t\t\t\t\t\t\t\t\t\t\t\t\t<img decoding=\"async\" src=\"https:\/\/www.reef-you.pl\/wp-content\/plugins\/elementor\/assets\/images\/placeholder.png\" title=\"\" alt=\"\" loading=\"lazy\" \/><br \/>\n\t\t\t\t\t\t\t\t\t\t\t\t\t<img decoding=\"async\" src=\"https:\/\/www.reef-you.pl\/wp-content\/plugins\/elementor\/assets\/images\/placeholder.png\" title=\"\" alt=\"\" loading=\"lazy\" \/>\t\t\t\t\t\t\t\t\t\t\t\t\t<\/p>\n<style>\/*! elementor - v3.20.0 - 10-04-2024 *\/\n.elementor-column .elementor-spacer-inner{height:var(--spacer-size)}.e-con{--container-widget-width:100%}.e-con-inner>.elementor-widget-spacer,.e-con>.elementor-widget-spacer{width:var(--container-widget-width,var(--spacer-size));--align-self:var(--container-widget-align-self,initial);--flex-shrink:0}.e-con-inner>.elementor-widget-spacer>.elementor-widget-container,.e-con>.elementor-widget-spacer>.elementor-widget-container{height:100%;width:100%}.e-con-inner>.elementor-widget-spacer>.elementor-widget-container>.elementor-spacer,.e-con>.elementor-widget-spacer>.elementor-widget-container>.elementor-spacer{height:100%}.e-con-inner>.elementor-widget-spacer>.elementor-widget-container>.elementor-spacer>.elementor-spacer-inner,.e-con>.elementor-widget-spacer>.elementor-widget-container>.elementor-spacer>.elementor-spacer-inner{height:var(--container-widget-height,var(--spacer-size))}.e-con-inner>.elementor-widget-spacer.elementor-widget-empty,.e-con>.elementor-widget-spacer.elementor-widget-empty{position:relative;min-height:22px;min-width:22px}.e-con-inner>.elementor-widget-spacer.elementor-widget-empty .elementor-widget-empty-icon,.e-con>.elementor-widget-spacer.elementor-widget-empty .elementor-widget-empty-icon{position:absolute;top:0;bottom:0;left:0;right:0;margin:auto;padding:0;width:22px;height:22px}<\/style>\n<h2>RYBY<\/h2>\n<p>\t\t\t\t\t\t\t\t\t\t\t\t\t<img decoding=\"async\" width=\"820\" height=\"101\" src=\"https:\/\/www.reef-you.pl\/wp-content\/uploads\/2023\/11\/Projekt-bez-nazwy-82-1024x126.jpg\" alt=\"\" srcset=\"https:\/\/www.reef-you.pl\/wp-content\/uploads\/2023\/11\/Projekt-bez-nazwy-82-1024x126.jpg 1024w, https:\/\/www.reef-you.pl\/wp-content\/uploads\/2023\/11\/Projekt-bez-nazwy-82-300x37.jpg 300w, https:\/\/www.reef-you.pl\/wp-content\/uploads\/2023\/11\/Projekt-bez-nazwy-82-768x94.jpg 768w, https:\/\/www.reef-you.pl\/wp-content\/uploads\/2023\/11\/Projekt-bez-nazwy-82-600x74.jpg 600w, https:\/\/www.reef-you.pl\/wp-content\/uploads\/2023\/11\/Projekt-bez-nazwy-82.jpg 1366w\" sizes=\"(max-width: 820px) 100vw, 820px\" \/>\t\t\t\t\t\t\t\t\t\t\t\t\t<\/p>\n<h2>KORALOWCE SPS<\/h2>\n<p>\t\t\t<a href=\"#\"><br \/>\n\t\t\t\t\t\tZOBACZ OFERT\u0118<br \/>\n\t\t\t\t\t<\/a><\/p>\n<h2>KORALOWCE LPS<\/h2>\n<p>\t\t\t<a href=\"#\"><br \/>\n\t\t\t\t\t\tZOBACZ OFERT\u0118<br \/>\n\t\t\t\t\t<\/a><\/p>\n<h2>Zoanthusy <\/h2>\n<p>\t\t\t<a href=\"#\"><br \/>\n\t\t\t\t\t\tZOBACZ OFERT\u0118<br \/>\n\t\t\t\t\t<\/a><\/p>\n<h2>KORALOWCE LPS<\/h2>\n<p>\t\t\t<a href=\"#\"><br \/>\n\t\t\t\t\t\tZOBACZ OFERT\u0118<br \/>\n\t\t\t\t\t<\/a><\/p>\n<style>\/*! elementor - v3.20.0 - 10-04-2024 *\/\n.elementor-widget-divider{--divider-border-style:none;--divider-border-width:1px;--divider-color:#0c0d0e;--divider-icon-size:20px;--divider-element-spacing:10px;--divider-pattern-height:24px;--divider-pattern-size:20px;--divider-pattern-url:none;--divider-pattern-repeat:repeat-x}.elementor-widget-divider .elementor-divider{display:flex}.elementor-widget-divider .elementor-divider__text{font-size:15px;line-height:1;max-width:95%}.elementor-widget-divider .elementor-divider__element{margin:0 var(--divider-element-spacing);flex-shrink:0}.elementor-widget-divider .elementor-icon{font-size:var(--divider-icon-size)}.elementor-widget-divider .elementor-divider-separator{display:flex;margin:0;direction:ltr}.elementor-widget-divider--view-line_icon .elementor-divider-separator,.elementor-widget-divider--view-line_text .elementor-divider-separator{align-items:center}.elementor-widget-divider--view-line_icon .elementor-divider-separator:after,.elementor-widget-divider--view-line_icon .elementor-divider-separator:before,.elementor-widget-divider--view-line_text .elementor-divider-separator:after,.elementor-widget-divider--view-line_text .elementor-divider-separator:before{display:block;content:\"\";border-block-end:0;flex-grow:1;border-block-start:var(--divider-border-width) var(--divider-border-style) var(--divider-color)}.elementor-widget-divider--element-align-left .elementor-divider .elementor-divider-separator>.elementor-divider__svg:first-of-type{flex-grow:0;flex-shrink:100}.elementor-widget-divider--element-align-left .elementor-divider-separator:before{content:none}.elementor-widget-divider--element-align-left .elementor-divider__element{margin-left:0}.elementor-widget-divider--element-align-right .elementor-divider .elementor-divider-separator>.elementor-divider__svg:last-of-type{flex-grow:0;flex-shrink:100}.elementor-widget-divider--element-align-right .elementor-divider-separator:after{content:none}.elementor-widget-divider--element-align-right .elementor-divider__element{margin-right:0}.elementor-widget-divider--element-align-start .elementor-divider .elementor-divider-separator>.elementor-divider__svg:first-of-type{flex-grow:0;flex-shrink:100}.elementor-widget-divider--element-align-start .elementor-divider-separator:before{content:none}.elementor-widget-divider--element-align-start .elementor-divider__element{margin-inline-start:0}.elementor-widget-divider--element-align-end .elementor-divider .elementor-divider-separator>.elementor-divider__svg:last-of-type{flex-grow:0;flex-shrink:100}.elementor-widget-divider--element-align-end .elementor-divider-separator:after{content:none}.elementor-widget-divider--element-align-end .elementor-divider__element{margin-inline-end:0}.elementor-widget-divider:not(.elementor-widget-divider--view-line_text):not(.elementor-widget-divider--view-line_icon) .elementor-divider-separator{border-block-start:var(--divider-border-width) var(--divider-border-style) var(--divider-color)}.elementor-widget-divider--separator-type-pattern{--divider-border-style:none}.elementor-widget-divider--separator-type-pattern.elementor-widget-divider--view-line .elementor-divider-separator,.elementor-widget-divider--separator-type-pattern:not(.elementor-widget-divider--view-line) .elementor-divider-separator:after,.elementor-widget-divider--separator-type-pattern:not(.elementor-widget-divider--view-line) .elementor-divider-separator:before,.elementor-widget-divider--separator-type-pattern:not([class*=elementor-widget-divider--view]) .elementor-divider-separator{width:100%;min-height:var(--divider-pattern-height);-webkit-mask-size:var(--divider-pattern-size) 100%;mask-size:var(--divider-pattern-size) 100%;-webkit-mask-repeat:var(--divider-pattern-repeat);mask-repeat:var(--divider-pattern-repeat);background-color:var(--divider-color);-webkit-mask-image:var(--divider-pattern-url);mask-image:var(--divider-pattern-url)}.elementor-widget-divider--no-spacing{--divider-pattern-size:auto}.elementor-widget-divider--bg-round{--divider-pattern-repeat:round}.rtl .elementor-widget-divider .elementor-divider__text{direction:rtl}.e-con-inner>.elementor-widget-divider,.e-con>.elementor-widget-divider{width:var(--container-widget-width,100%);--flex-grow:var(--container-widget-flex-grow)}<\/style>\n<h2>NEWSLETTER<\/h2>\n<h5>Podaj sw\u00f3j adres e-mail, je\u017celi chcesz otrzymywa\u0107 informacje o nowo\u015bciach i promocjach.<\/h5>\n<p>https:\/\/www.youtube.com\/watch?v=XHOmBV4js_E<br \/>\n\t\t\t\t\t\t\t\t\t\t\t\t\t<img decoding=\"async\" width=\"820\" height=\"615\" src=\"https:\/\/www.reef-you.pl\/wp-content\/uploads\/2024\/06\/1714572395275-1024x768.jpg\" alt=\"\" srcset=\"https:\/\/www.reef-you.pl\/wp-content\/uploads\/2024\/06\/1714572395275-1024x768.jpg 1024w, https:\/\/www.reef-you.pl\/wp-content\/uploads\/2024\/06\/1714572395275-300x225.jpg 300w, https:\/\/www.reef-you.pl\/wp-content\/uploads\/2024\/06\/1714572395275-768x576.jpg 768w, https:\/\/www.reef-you.pl\/wp-content\/uploads\/2024\/06\/1714572395275-1536x1152.jpg 1536w, https:\/\/www.reef-you.pl\/wp-content\/uploads\/2024\/06\/1714572395275-2048x1536.jpg 2048w, https:\/\/www.reef-you.pl\/wp-content\/uploads\/2024\/06\/1714572395275-600x450.jpg 600w\" sizes=\"(max-width: 820px) 100vw, 820px\" \/><br \/>\n\t\t\t\t\t\t\t\t\t\t\t\t\t<img decoding=\"async\" src=\"https:\/\/www.reef-you.pl\/wp-content\/plugins\/elementor\/assets\/images\/placeholder.png\" title=\"\" alt=\"\" loading=\"lazy\" \/><br \/>\n\t\t\t\t\t\t\t\t\t\t\t\t\t<img decoding=\"async\" src=\"https:\/\/www.reef-you.pl\/wp-content\/plugins\/elementor\/assets\/images\/placeholder.png\" title=\"\" alt=\"\" loading=\"lazy\" \/><br \/>\n\t\t\t\t\t\t\t\t\t\t\t\t\t<img decoding=\"async\" width=\"820\" height=\"615\" src=\"https:\/\/www.reef-you.pl\/wp-content\/uploads\/2024\/06\/1714572395275-1024x768.jpg\" alt=\"\" srcset=\"https:\/\/www.reef-you.pl\/wp-content\/uploads\/2024\/06\/1714572395275-1024x768.jpg 1024w, https:\/\/www.reef-you.pl\/wp-content\/uploads\/2024\/06\/1714572395275-300x225.jpg 300w, https:\/\/www.reef-you.pl\/wp-content\/uploads\/2024\/06\/1714572395275-768x576.jpg 768w, https:\/\/www.reef-you.pl\/wp-content\/uploads\/2024\/06\/1714572395275-1536x1152.jpg 1536w, https:\/\/www.reef-you.pl\/wp-content\/uploads\/2024\/06\/1714572395275-2048x1536.jpg 2048w, https:\/\/www.reef-you.pl\/wp-content\/uploads\/2024\/06\/1714572395275-600x450.jpg 600w\" sizes=\"(max-width: 820px) 100vw, 820px\" \/>\t\t\t\t\t\t\t\t\t\t\t\t\t<\/p>\n<h2>Dodaj tu sw\u00f3j tekst nag\u0142\u00f3wka<\/h2>\n<p>\t\t\t\t\t\t\t\t\t\t\t\t\t<img decoding=\"async\" src=\"https:\/\/www.reef-you.pl\/wp-content\/plugins\/elementor\/assets\/images\/placeholder.png\" title=\"\" alt=\"\" loading=\"lazy\" \/><br \/>\n\t\t\t\t\t\t\t\t\t\t\t\t\t<img decoding=\"async\" src=\"https:\/\/www.reef-you.pl\/wp-content\/plugins\/elementor\/assets\/images\/placeholder.png\" title=\"\" alt=\"\" loading=\"lazy\" \/><\/p>\n","protected":false},"excerpt":{"rendered":"<p>Bezpieczne zakupy Darmowa dostawa Szeroki wyb\u00f3r Zwrot do 14 dni PROMOCJA SPRAWD\u0179 OFERT\u0118 KORALOWCE SPS ZOBACZ OFERT\u0118 KORALOWCE LPS ZOBACZ OFERT\u0118 NOWO\u015aCI RYBY KORALOWCE SPS ZOBACZ OFERT\u0118 KORALOWCE LPS ZOBACZ OFERT\u0118 Zoanthusy ZOBACZ OFERT\u0118 KORALOWCE LPS ZOBACZ OFERT\u0118 NEWSLETTER Podaj sw\u00f3j adres e-mail, je\u017celi chcesz otrzymywa\u0107 informacje o nowo\u015bciach i promocjach. https:\/\/www.youtube.com\/watch?v=XHOmBV4js_E Dodaj tu sw\u00f3j [&hellip;]<\/p>\n","protected":false},"author":1,"featured_media":0,"parent":0,"menu_order":0,"comment_status":"closed","ping_status":"closed","template":"template-parts\/template-page-builders.php","meta":{"footnotes":""},"_links":{"self":[{"href":"https:\/\/www.reef-you.pl\/index.php?rest_route=\/wp\/v2\/pages\/9"}],"collection":[{"href":"https:\/\/www.reef-you.pl\/index.php?rest_route=\/wp\/v2\/pages"}],"about":[{"href":"https:\/\/www.reef-you.pl\/index.php?rest_route=\/wp\/v2\/types\/page"}],"author":[{"embeddable":true,"href":"https:\/\/www.reef-you.pl\/index.php?rest_route=\/wp\/v2\/users\/1"}],"replies":[{"embeddable":true,"href":"https:\/\/www.reef-you.pl\/index.php?rest_route=%2Fwp%2Fv2%2Fcomments&post=9"}],"version-history":[{"count":70,"href":"https:\/\/www.reef-you.pl\/index.php?rest_route=\/wp\/v2\/pages\/9\/revisions"}],"predecessor-version":[{"id":198,"href":"https:\/\/www.reef-you.pl\/index.php?rest_route=\/wp\/v2\/pages\/9\/revisions\/198"}],"wp:attachment":[{"href":"https:\/\/www.reef-you.pl\/index.php?rest_route=%2Fwp%2Fv2%2Fmedia&parent=9"}],"curies":[{"name":"wp","href":"https:\/\/api.w.org\/{rel}","templated":true}]}}